{"id":1277,"date":"2025-07-24T15:20:47","date_gmt":"2025-07-24T15:20:47","guid":{"rendered":"https:\/\/www.yme-consultoria-ambiental.pt\/sectors\/licenciamento-na-area-de-edificacao\/"},"modified":"2025-09-30T18:41:30","modified_gmt":"2025-09-30T18:41:30","slug":"building-licences","status":"publish","type":"page","link":"https:\/\/www.yme-consultoria-ambiental.pt\/en\/sectors\/building-licences\/","title":{"rendered":"Building licences"},"content":{"rendered":"<!--themify_builder_content-->\n<div id=\"themify_builder_content-1277\" data-postid=\"1277\" class=\"themify_builder_content themify_builder_content-1277 themify_builder tf_clear\">\n    \t<!-- module_row -->\n\t<div  data-css_id=\"2ies782\" data-lazy=\"1\" class=\"module_row themify_builder_row ishomeslider fullcover fullwidth tb_2ies782 tb_first tf_clearfix\" >\n\t    \t    <div class=\"tf_hide row-slider tb_slider\" data-bgmode=\"fullcover\" data-sliderspeed=\"2000\">\n\t        <ul class=\"tf_abs row-slider-slides tf_clearfix\">\n\t\t    \t\t\t<li data-bg=\"https:\/\/www.yme-consultoria-ambiental.pt\/wp-content\/uploads\/2025\/07\/sing5img5.jpg\" class=\"normal\">\n\t\t\t    <a class=\"row-slider-dot\" data-index=\"0\"><\/a>\n\t\t\t<\/li>\n\t\t\t\t\t\t<li data-bg=\"https:\/\/www.yme-consultoria-ambiental.pt\/wp-content\/uploads\/2025\/07\/sing5img4.jpg\" class=\"normal\">\n\t\t\t    <a class=\"row-slider-dot\" data-index=\"1\"><\/a>\n\t\t\t<\/li>\n\t\t\t\t\t\t<li data-bg=\"https:\/\/www.yme-consultoria-ambiental.pt\/wp-content\/uploads\/2025\/07\/sing6img.jpg\" class=\"normal\">\n\t\t\t    <a class=\"row-slider-dot\" data-index=\"2\"><\/a>\n\t\t\t<\/li>\n\t\t\t\t        <\/ul>\n\t        <div class=\"row-slider-nav\">\n\t    \t<a class=\"tf_abs row-slider-arrow row-slider-prev\">&lsaquo;<\/a>\n\t    \t<a class=\"tf_abs row-slider-arrow row-slider-next\">&rsaquo;<\/a>\n\t        <\/div>\n\t    <\/div>\n\t    <!-- \/.row-bgs -->\n\t    \t\t<div class=\"row_inner col_align_top tf_box tf_w tf_rel\">\n\t\t\t<div  data-lazy=\"1\" class=\"module_column tb-column col-full first tb_gz9w782 tf_box\">\n\t    \t    \t<\/div>\n\t\t    <\/div>\n\t    <!-- \/row_inner -->\n\t<\/div>\n\t<!-- \/module_row -->\n\t\t<!-- module_row -->\n\t<div  data-lazy=\"1\" class=\"module_row themify_builder_row wrapsinglesectoralt tb_cea1120 tf_clearfix\" >\n\t    \t\t<div class=\"row_inner col_align_top tf_box tf_w tf_rel\">\n\t\t\t<div  data-lazy=\"1\" class=\"module_column tb-column col-full first tb_9t2k121 tf_box\">\n\t    \t    \t        <div class=\"tb-column-inner tf_box tf_w\">\n\t\t    <!-- module image -->\n<div  class=\"module module-image tb_8iu2289   image-left tf_mw\" data-lazy=\"1\">\n        <div class=\"image-wrap tf_rel tf_mw\">\n\t\t    <img loading=\"lazy\" decoding=\"async\" src=\"https:\/\/www.yme-consultoria-ambiental.pt\/wp-content\/uploads\/2025\/07\/icon-LicEdificacao-Cor-2a-90x95.png\" width=\"90\" height=\"95\" class=\"wp-post-image wp-image-1173\" title=\"icon-LicEdificacao-Cor-2a\" alt=\"icon-LicEdificacao-Cor-2a\" srcset=\"https:\/\/www.yme-consultoria-ambiental.pt\/wp-content\/uploads\/2025\/07\/icon-LicEdificacao-Cor-2a-90x95.png 90w, https:\/\/www.yme-consultoria-ambiental.pt\/wp-content\/uploads\/2025\/07\/icon-LicEdificacao-Cor-2a-281x300.png 281w, https:\/\/www.yme-consultoria-ambiental.pt\/wp-content\/uploads\/2025\/07\/icon-LicEdificacao-Cor-2a.png 471w\" sizes=\"auto, (max-width: 90px) 100vw, 90px\" \/>\t\n\t\t<\/div>\n\t<!-- \/image-wrap -->\n    \n    \t<\/div>\n<!-- \/module image -->\t        <\/div>\n\t    \t<\/div>\n\t\t    <\/div>\n\t    <!-- \/row_inner -->\n\t<\/div>\n\t<!-- \/module_row -->\n\t\t<!-- module_row -->\n\t<div  data-lazy=\"1\" class=\"module_row themify_builder_row wrapsinglesector trsix tb_6iri90 tf_clearfix\" >\n\t    \t\t<div class=\"row_inner col_align_top tf_box tf_w tf_rel\">\n\t\t\t<div  data-lazy=\"1\" class=\"module_column tb-column col4-3 first tb_xn6j90 repeat tf_box\">\n\t    \t    \t        <div class=\"tb-column-inner tf_box tf_w\">\n\t\t    <!-- module text -->\n<div  class=\"module module-text tb_6dev91 trsix  \" data-lazy=\"1\">\n        <div  class=\"tb_text_wrap\">\n    <h1>Building licences<\/h1>\n<h2>YME carries out licensing in the area of building, including construction, conservation and rehabilitation. Licensing of occupation of public roads (OVP) for conservation works with or without prior control.<\/h2>\n    <\/div>\n<\/div>\n<!-- \/module text --><!-- module text -->\n<div  class=\"module module-text tb_e7ft91 wraplistasec issixtx  \" data-lazy=\"1\">\n        <div  class=\"tb_text_wrap\">\n    <p>YME carries out public road occupation licensing (OVP) for works subject to prior control and those exempt from prior control (with the specifics under the Urban Buildings Legal Regime)<br \/>\nYME, Lda&#8217;s services include the full preparation of the OVP process, submission and monitoring with the authorities, with the aim of providing the Client with the authorisation and licensing required to carry out works that are subject to prior licensing or communication, in compliance with the legal requirements and applicable municipal regulations.<\/p>\n<p><strong>OVP for conservation works:<\/strong> In the case of conservation works exempt from prior control, works intended to maintain a building in the conditions existing at the time of its construction, reconstruction, extension or alteration, namely restoration, repair or cleaning works, occupation of the public highway may be necessary, for authorisation of scaffolding, siding, containers or deposits, even if the conservation works themselves do not require licensing, occupation of the public highway for their execution may require a specific licence.<\/p>\n<p><strong>OVP for alteration works inside buildings or fractions<\/strong>, which improve, do not harm or do not affect the stability structure, and which do not imply changes to the height, shape of fa\u00e7ades, roofs or roofs.<\/p>\n<p><strong>OVP for works subject to prior control:<\/strong> Within the scope of the licence or prior communication, the public highway may be occupied with equipment to support the works, such as scaffolding and headers, scaffolding, deposits of materials and debris, ditches, containers, cranes, machinery, lifting devices or other related installations.<\/p>\n<p>If the works are subject to licensing or prior communication, the licence to occupy the public highway can be requested at the same time as the application for licensing or prior communication.<\/p>\n    <\/div>\n<\/div>\n<!-- \/module text -->\t        <\/div>\n\t    \t<\/div>\n\t\t<div  data-lazy=\"1\" class=\"module_column tb-column col4-1 last tb_3wwq91 tf_box\">\n\t    \t    \t        <div class=\"tb-column-inner tf_box tf_w\">\n\t\t    <!-- module widgetized -->\n<div  class=\"module module-widgetized tb_2ud791  \" data-lazy=\"1\">\n    <div id=\"custom_html-7\" class=\"widget_text widget widget_custom_html\"><div class=\"textwidget custom-html-widget\"><span class=\"space30\"><\/span>\r\n<h4>Other Sectors<\/h4>\r\n\r\n<div class=\"singlesec1\">\r\n<a class=\"sidesec1\" href=\"https:\/\/www.yme-consultoria-ambiental.pt\/en\/sectors\/licensing-of-projects-and-activities\/\"><span>Licensing of projects and activities<\/span><\/a>\r\n<\/div>\r\n<div class=\"singlesec2\">\r\n<a href=\"https:\/\/www.yme-consultoria-ambiental.pt\/en\/sectors\/environmental-studies\/\"><span>Environmental Studies<\/span><\/a>\r\n<\/div>\r\n<div class=\"singlesec3\">\r\n<a href=\"https:\/\/www.yme-consultoria-ambiental.pt\/en\/sectors\/follow-up-monitoring-of-construction\/\"><span>Follow-up Monitoring of Construction<\/span><\/a>\r\n<\/div>\r\n<div class=\"singlesec4\">\r\n<a href=\"https:\/\/www.yme-consultoria-ambiental.pt\/en\/sectors\/environmental-monitoring-of-construction\/\"><span>Environmental Monitoring of Construction<\/span><\/a>\r\n<\/div>\r\n<div class=\"singlesec5\">\r\n<a href=\"https:\/\/www.yme-consultoria-ambiental.pt\/en\/sectors\/ma-activity\/\"><span>M&amp;A Activity<\/span><\/a>\r\n<\/div>\r\n<div class=\"singlesec6\">\r\n<a href=\"https:\/\/www.yme-consultoria-ambiental.pt\/en\/sectors\/building-licences\/\"><span>Building licences<\/span><\/a>\r\n<\/div><\/div><\/div><\/div>\n<!-- \/module widgetized -->\t        <\/div>\n\t    \t<\/div>\n\t\t    <\/div>\n\t    <!-- \/row_inner -->\n\t<\/div>\n\t<!-- \/module_row -->\n\t\t<!-- module_row -->\n\t<div  id=\"stoper\" data-lazy=\"1\" class=\"module_row themify_builder_row tb_lftz269 tf_clearfix\" >\n\t    \t\t<div class=\"row_inner col_align_top tf_box tf_w tf_rel\">\n\t\t\t<div  data-lazy=\"1\" class=\"module_column tb-column col-full first tb_lqwa269 tf_box\">\n\t    \t    \t<\/div>\n\t\t    <\/div>\n\t    <!-- \/row_inner -->\n\t<\/div>\n\t<!-- \/module_row -->\n\t<\/div>\n<!--\/themify_builder_content-->","protected":false},"excerpt":{"rendered":"<p>Licenciamento na \u00c1rea de Edifica\u00e7\u00e3o AYME realiza licenciamento na \u00e1rea de edifica\u00e7\u00e3o, incluindo a constru\u00e7\u00e3o, conserva\u00e7\u00e3o e reabilita\u00e7\u00e3o. Licenciamento de ocupa\u00e7\u00e3o de via p\u00fablica (OVP) de obras de conserva\u00e7\u00e3o com ou sem controlo pr\u00e9vio. A YME realiza o Licenciamento de ocupa\u00e7\u00e3o de via p\u00fablica (OVP) de obras de controlo pr\u00e9vio e isentas de controlo pr\u00e9vio [&hellip;]<\/p>\n","protected":false},"author":1,"featured_media":0,"parent":999,"menu_order":1,"comment_status":"closed","ping_status":"closed","template":"","meta":{"footnotes":""},"class_list":["post-1277","page","type-page","status-publish","hentry","has-post-title","has-post-date","has-post-category","has-post-tag","has-post-comment","has-post-author",""],"yoast_head":"<!-- This site is optimized with the Yoast SEO plugin v25.5 - https:\/\/yoast.com\/wordpress\/plugins\/seo\/ -->\n<title>Building licences - YME<\/title>\n<meta name=\"robots\" content=\"noindex, nofollow\" \/>\n<meta property=\"og:locale\" content=\"en_US\" \/>\n<meta property=\"og:type\" content=\"article\" \/>\n<meta property=\"og:title\" content=\"Building licences - YME\" \/>\n<meta property=\"og:description\" content=\"Licenciamento na \u00c1rea de Edifica\u00e7\u00e3o AYME realiza licenciamento na \u00e1rea de edifica\u00e7\u00e3o, incluindo a constru\u00e7\u00e3o, conserva\u00e7\u00e3o e reabilita\u00e7\u00e3o. Licenciamento de ocupa\u00e7\u00e3o de via p\u00fablica (OVP) de obras de conserva\u00e7\u00e3o com ou sem controlo pr\u00e9vio. A YME realiza o Licenciamento de ocupa\u00e7\u00e3o de via p\u00fablica (OVP) de obras de controlo pr\u00e9vio e isentas de controlo pr\u00e9vio [&hellip;]\" \/>\n<meta property=\"og:url\" content=\"https:\/\/www.yme-consultoria-ambiental.pt\/en\/sectors\/building-licences\/\" \/>\n<meta property=\"og:site_name\" content=\"YME\" \/>\n<meta property=\"article:modified_time\" content=\"2025-09-30T18:41:30+00:00\" \/>\n<meta property=\"og:image\" content=\"https:\/\/www.yme-consultoria-ambiental.pt\/wp-content\/uploads\/2025\/07\/icon-LicEdificacao-Cor-2a-90x95.png\" \/>\n<meta name=\"twitter:card\" content=\"summary_large_image\" \/>\n<meta name=\"twitter:label1\" content=\"Est. reading time\" \/>\n\t<meta name=\"twitter:data1\" content=\"2 minutes\" \/>\n<script type=\"application\/ld+json\" class=\"yoast-schema-graph\">{\"@context\":\"https:\/\/schema.org\",\"@graph\":[{\"@type\":\"WebPage\",\"@id\":\"https:\/\/www.yme-consultoria-ambiental.pt\/en\/sectors\/building-licences\/\",\"url\":\"https:\/\/www.yme-consultoria-ambiental.pt\/en\/sectors\/building-licences\/\",\"name\":\"Building licences - YME\",\"isPartOf\":{\"@id\":\"https:\/\/www.yme-consultoria-ambiental.pt\/#website\"},\"primaryImageOfPage\":{\"@id\":\"https:\/\/www.yme-consultoria-ambiental.pt\/en\/sectors\/building-licences\/#primaryimage\"},\"image\":{\"@id\":\"https:\/\/www.yme-consultoria-ambiental.pt\/en\/sectors\/building-licences\/#primaryimage\"},\"thumbnailUrl\":\"https:\/\/www.yme-consultoria-ambiental.pt\/wp-content\/uploads\/2025\/07\/icon-LicEdificacao-Cor-2a-90x95.png\",\"datePublished\":\"2025-07-24T15:20:47+00:00\",\"dateModified\":\"2025-09-30T18:41:30+00:00\",\"breadcrumb\":{\"@id\":\"https:\/\/www.yme-consultoria-ambiental.pt\/en\/sectors\/building-licences\/#breadcrumb\"},\"inLanguage\":\"en-US\",\"potentialAction\":[{\"@type\":\"ReadAction\",\"target\":[\"https:\/\/www.yme-consultoria-ambiental.pt\/en\/sectors\/building-licences\/\"]}]},{\"@type\":\"ImageObject\",\"inLanguage\":\"en-US\",\"@id\":\"https:\/\/www.yme-consultoria-ambiental.pt\/en\/sectors\/building-licences\/#primaryimage\",\"url\":\"https:\/\/www.yme-consultoria-ambiental.pt\/wp-content\/uploads\/2025\/07\/icon-LicEdificacao-Cor-2a-90x95.png\",\"contentUrl\":\"https:\/\/www.yme-consultoria-ambiental.pt\/wp-content\/uploads\/2025\/07\/icon-LicEdificacao-Cor-2a-90x95.png\"},{\"@type\":\"BreadcrumbList\",\"@id\":\"https:\/\/www.yme-consultoria-ambiental.pt\/en\/sectors\/building-licences\/#breadcrumb\",\"itemListElement\":[{\"@type\":\"ListItem\",\"position\":1,\"name\":\"In\u00edcio\",\"item\":\"https:\/\/www.yme-consultoria-ambiental.pt\/en\/\"},{\"@type\":\"ListItem\",\"position\":2,\"name\":\"Sectors\",\"item\":\"https:\/\/www.yme-consultoria-ambiental.pt\/en\/sectors\/\"},{\"@type\":\"ListItem\",\"position\":3,\"name\":\"Building licences\"}]},{\"@type\":\"WebSite\",\"@id\":\"https:\/\/www.yme-consultoria-ambiental.pt\/#website\",\"url\":\"https:\/\/www.yme-consultoria-ambiental.pt\/\",\"name\":\"YME\",\"description\":\"\",\"potentialAction\":[{\"@type\":\"SearchAction\",\"target\":{\"@type\":\"EntryPoint\",\"urlTemplate\":\"https:\/\/www.yme-consultoria-ambiental.pt\/?s={search_term_string}\"},\"query-input\":{\"@type\":\"PropertyValueSpecification\",\"valueRequired\":true,\"valueName\":\"search_term_string\"}}],\"inLanguage\":\"en-US\"}]}<\/script>\n<!-- \/ Yoast SEO plugin. -->","yoast_head_json":{"title":"Building licences - YME","robots":{"index":"noindex","follow":"nofollow"},"og_locale":"en_US","og_type":"article","og_title":"Building licences - YME","og_description":"Licenciamento na \u00c1rea de Edifica\u00e7\u00e3o AYME realiza licenciamento na \u00e1rea de edifica\u00e7\u00e3o, incluindo a constru\u00e7\u00e3o, conserva\u00e7\u00e3o e reabilita\u00e7\u00e3o. Licenciamento de ocupa\u00e7\u00e3o de via p\u00fablica (OVP) de obras de conserva\u00e7\u00e3o com ou sem controlo pr\u00e9vio. A YME realiza o Licenciamento de ocupa\u00e7\u00e3o de via p\u00fablica (OVP) de obras de controlo pr\u00e9vio e isentas de controlo pr\u00e9vio [&hellip;]","og_url":"https:\/\/www.yme-consultoria-ambiental.pt\/en\/sectors\/building-licences\/","og_site_name":"YME","article_modified_time":"2025-09-30T18:41:30+00:00","og_image":[{"url":"https:\/\/www.yme-consultoria-ambiental.pt\/wp-content\/uploads\/2025\/07\/icon-LicEdificacao-Cor-2a-90x95.png","type":"","width":"","height":""}],"twitter_card":"summary_large_image","twitter_misc":{"Est. reading time":"2 minutes"},"schema":{"@context":"https:\/\/schema.org","@graph":[{"@type":"WebPage","@id":"https:\/\/www.yme-consultoria-ambiental.pt\/en\/sectors\/building-licences\/","url":"https:\/\/www.yme-consultoria-ambiental.pt\/en\/sectors\/building-licences\/","name":"Building licences - YME","isPartOf":{"@id":"https:\/\/www.yme-consultoria-ambiental.pt\/#website"},"primaryImageOfPage":{"@id":"https:\/\/www.yme-consultoria-ambiental.pt\/en\/sectors\/building-licences\/#primaryimage"},"image":{"@id":"https:\/\/www.yme-consultoria-ambiental.pt\/en\/sectors\/building-licences\/#primaryimage"},"thumbnailUrl":"https:\/\/www.yme-consultoria-ambiental.pt\/wp-content\/uploads\/2025\/07\/icon-LicEdificacao-Cor-2a-90x95.png","datePublished":"2025-07-24T15:20:47+00:00","dateModified":"2025-09-30T18:41:30+00:00","breadcrumb":{"@id":"https:\/\/www.yme-consultoria-ambiental.pt\/en\/sectors\/building-licences\/#breadcrumb"},"inLanguage":"en-US","potentialAction":[{"@type":"ReadAction","target":["https:\/\/www.yme-consultoria-ambiental.pt\/en\/sectors\/building-licences\/"]}]},{"@type":"ImageObject","inLanguage":"en-US","@id":"https:\/\/www.yme-consultoria-ambiental.pt\/en\/sectors\/building-licences\/#primaryimage","url":"https:\/\/www.yme-consultoria-ambiental.pt\/wp-content\/uploads\/2025\/07\/icon-LicEdificacao-Cor-2a-90x95.png","contentUrl":"https:\/\/www.yme-consultoria-ambiental.pt\/wp-content\/uploads\/2025\/07\/icon-LicEdificacao-Cor-2a-90x95.png"},{"@type":"BreadcrumbList","@id":"https:\/\/www.yme-consultoria-ambiental.pt\/en\/sectors\/building-licences\/#breadcrumb","itemListElement":[{"@type":"ListItem","position":1,"name":"In\u00edcio","item":"https:\/\/www.yme-consultoria-ambiental.pt\/en\/"},{"@type":"ListItem","position":2,"name":"Sectors","item":"https:\/\/www.yme-consultoria-ambiental.pt\/en\/sectors\/"},{"@type":"ListItem","position":3,"name":"Building licences"}]},{"@type":"WebSite","@id":"https:\/\/www.yme-consultoria-ambiental.pt\/#website","url":"https:\/\/www.yme-consultoria-ambiental.pt\/","name":"YME","description":"","potentialAction":[{"@type":"SearchAction","target":{"@type":"EntryPoint","urlTemplate":"https:\/\/www.yme-consultoria-ambiental.pt\/?s={search_term_string}"},"query-input":{"@type":"PropertyValueSpecification","valueRequired":true,"valueName":"search_term_string"}}],"inLanguage":"en-US"}]}},"_links":{"self":[{"href":"https:\/\/www.yme-consultoria-ambiental.pt\/en\/wp-json\/wp\/v2\/pages\/1277","targetHints":{"allow":["GET"]}}],"collection":[{"href":"https:\/\/www.yme-consultoria-ambiental.pt\/en\/wp-json\/wp\/v2\/pages"}],"about":[{"href":"https:\/\/www.yme-consultoria-ambiental.pt\/en\/wp-json\/wp\/v2\/types\/page"}],"author":[{"embeddable":true,"href":"https:\/\/www.yme-consultoria-ambiental.pt\/en\/wp-json\/wp\/v2\/users\/1"}],"replies":[{"embeddable":true,"href":"https:\/\/www.yme-consultoria-ambiental.pt\/en\/wp-json\/wp\/v2\/comments?post=1277"}],"version-history":[{"count":3,"href":"https:\/\/www.yme-consultoria-ambiental.pt\/en\/wp-json\/wp\/v2\/pages\/1277\/revisions"}],"predecessor-version":[{"id":1280,"href":"https:\/\/www.yme-consultoria-ambiental.pt\/en\/wp-json\/wp\/v2\/pages\/1277\/revisions\/1280"}],"up":[{"embeddable":true,"href":"https:\/\/www.yme-consultoria-ambiental.pt\/en\/wp-json\/wp\/v2\/pages\/999"}],"wp:attachment":[{"href":"https:\/\/www.yme-consultoria-ambiental.pt\/en\/wp-json\/wp\/v2\/media?parent=1277"}],"curies":[{"name":"wp","href":"https:\/\/api.w.org\/{rel}","templated":true}]}}